{"id":860,"date":"2023-02-19T07:51:01","date_gmt":"2023-02-19T06:51:01","guid":{"rendered":"https:\/\/yanhaltey.art\/?page_id=860"},"modified":"2024-07-16T16:19:16","modified_gmt":"2024-07-16T14:19:16","slug":"cgu","status":"publish","type":"page","link":"https:\/\/thisisyan.com\/fr\/cgu\/","title":{"rendered":"Conditions g\u00e9n\u00e9rales d&rsquo;utilisation"},"content":{"rendered":"<p>[et_pb_section fb_built=\u00a0\u00bb1&Prime; admin_label=\u00a0\u00bbsection\u00a0\u00bb _builder_version=\u00a0\u00bb4.19.5&Prime; background_color=\u00a0\u00bb#000000&Prime; custom_margin=\u00a0\u00bb||||false|false\u00a0\u00bb custom_padding=\u00a0\u00bb60px||60px||true|false\u00a0\u00bb global_colors_info=\u00a0\u00bb{}\u00a0\u00bb][et_pb_row _builder_version=\u00a0\u00bb4.19.5&Prime; _module_preset=\u00a0\u00bbdefault\u00a0\u00bb background_color=\u00a0\u00bb#FFFFFF\u00a0\u00bb max_width=\u00a0\u00bb1200px\u00a0\u00bb custom_padding=\u00a0\u00bb40px|40px|40px|40px|true|true\u00a0\u00bb global_colors_info=\u00a0\u00bb{}\u00a0\u00bb][et_pb_column type=\u00a0\u00bb4_4&Prime; _builder_version=\u00a0\u00bb4.19.5&Prime; _module_preset=\u00a0\u00bbdefault\u00a0\u00bb global_colors_info=\u00a0\u00bb{}\u00a0\u00bb][et_pb_text _builder_version=\u00a0\u00bb4.24.0&Prime; _module_preset=\u00a0\u00bbdefault\u00a0\u00bb text_text_color=\u00a0\u00bb#000000&Prime; header_text_color=\u00a0\u00bb#000000&Prime; header_2_text_color=\u00a0\u00bb#000000&Prime; hover_enabled=\u00a0\u00bb0&Prime; global_colors_info=\u00a0\u00bb{}\u00a0\u00bb sticky_enabled=\u00a0\u00bb0&Prime;]<\/p>\n<h1 style=\"text-align: justify;\">Conditions g\u00e9n\u00e9rales d\u2019utilisation<\/h1>\n<p style=\"text-align: justify;\">Version 16.07.2024<\/p>\n<p style=\"text-align: justify;\">Les pr\u00e9sentes Conditions g\u00e9n\u00e9rales d\u2019utilisation (ci-apr\u00e8s les \u00ab<span>\u00a0<\/span><strong>CGU<\/strong><span>\u00a0<\/span>\u00bb) sont celles de Yan Haltey Brands S\u00e0rl, soci\u00e9t\u00e9 suisse ayant son si\u00e8ge social \u00e0 Rue Saint-Martin 32, 1005 Lausanne, Suisse, enregistr\u00e9e au Registre du Commerce sous le N\u00b0 IDE CH-550-1195939-0 (ci-apr\u00e8s \u00ab<span>\u00a0<\/span><strong>Yan Haltey\u00a0<\/strong><strong>Brands<span>\u00a0<\/span><\/strong>\u00bb ou \u00ab\u00a0<strong>Nous<\/strong>\u00a0\u00bb).<\/p>\n<p style=\"text-align: justify;\">Les pr\u00e9sentes CGU ont pour objet r\u00e9gler les droits et obligations des visiteurs et des utilisateurs (ci-apr\u00e8s \u00ab<span>\u00a0<\/span><strong>Utilisateur<span>\u00a0<\/span><\/strong>\u00bb ou \u00ab\u00a0<strong>Vous<\/strong>\u00a0\u00bb) du site internet yanhaltey.com et de tous les autres sites Internet de Yan Haltey Brands dont l\u2019extension du nom de domaine est .com, .art, .boutique (ci-apr\u00e8s, ensemble, le \u00ab<span>\u00a0<\/span><strong>Site Internet<\/strong><span>\u00a0<\/span>\u00bb) sur l\u2019utilisation du site internet et des services qui y sont offerts.<\/p>\n<p style=\"text-align: justify;\">Yan Haltey Brands se r\u00e9serve le droit de modifier en tout temps les pr\u00e9sentes CGU. Toutes les modifications prennent effet d\u00e8s leur publication sur le site Internet. En utilisant notre site internet, vous confirmez que vous acceptez les pr\u00e9sentes CGU et que vous vous y conformerez.<\/p>\n<p style=\"text-align: justify;\">Toute communication doit \u00eatre adress\u00e9e \u00e0 notre service client\u00e8le (ci-apr\u00e8s \u00ab\u00a0<strong>Service Client\u00e8le<\/strong>\u00a0\u00bb) accessible via le<span>\u00a0<\/span><a href=\"https:\/\/yanhaltey.com\/fr\/contact\/\" target=\"_blank\" rel=\"noopener\">formulaire de contact<\/a><span>\u00a0<\/span>ou par email \u00e0 l\u2019adresse<span>\u00a0<\/span><a href=\"mailto:contact@yanhaltey.com\">contact@yanhaltey.com<\/a>.<\/p>\n<p style=\"text-align: justify;\">Pour toute autre information juridique, veuillez consulter notre<span>\u00a0<\/span><a href=\"https:\/\/yanhaltey.art\/donnees-personnelles\/\" target=\"_blank\" rel=\"noopener\"><strong>Politique relative \u00e0 la protection des donn\u00e9es personnelles<\/strong>.<\/a><\/p>\n<h2 style=\"text-align: justify;\">1. Acc\u00e8s<\/h2>\n<p style=\"text-align: justify;\">L&rsquo;acc\u00e8s et l&rsquo;utilisation du site internet, y compris l&rsquo;affichage de pages, la communication avec notre service client\u00e8le, le t\u00e9l\u00e9chargement de produits, de billets ou d&rsquo;informations, doivent \u00eatre effectu\u00e9s exclusivement \u00e0 des fins personnelles et ne doivent en aucun cas \u00eatre li\u00e9s \u00e0 une activit\u00e9 commerciale.<\/p>\n<h2 style=\"text-align: justify;\">2. Politique relative \u00e0 la protection des donn\u00e9es personnelles<\/h2>\n<p style=\"text-align: justify;\">Yan Haltey Brands accorde la plus grande importance et le plus grand soin \u00e0 la protection de vos donn\u00e9es personnelles. La<span>\u00a0<\/span><strong><u>Politique relative \u00e0 la protection des donn\u00e9es personnelles<\/u><\/strong><span>\u00a0<\/span>vous informe \u00e0 quelles fins Yan Haltey Brands collecte et utilise vos donn\u00e9es.<\/p>\n<h2 style=\"text-align: justify;\">3. Propri\u00e9t\u00e9 intellectuelle<\/h2>\n<p style=\"text-align: justify;\">Tous contenus inclus sur le site internet, comme les images, photos, \u0153uvres, musiques, sons, vid\u00e9os, documents, articles, textes, dessins, logos, illustrations, designs, couleurs, programmes, outils, \u00e9l\u00e9ments graphiques, diagrammes, mises en pages, m\u00e9thodes, processus, fonctions et logiciels (ci-apr\u00e8s, collectivement, le \u00ab<span>\u00a0<\/span><strong>Contenu<\/strong><span>\u00a0<\/span>\u00bb), sont la propri\u00e9t\u00e9 de Yan Haltey Brands ou de ses auteurs et sont prot\u00e9g\u00e9s par les droits d&rsquo;auteur et les lois sur la propri\u00e9t\u00e9 intellectuelle. Vous n&rsquo;\u00eates pas autoris\u00e9 \u00e0 reproduire, publier, distribuer, afficher, modifier, cr\u00e9er des \u0153uvres d\u00e9riv\u00e9es ou exploiter le contenu de quelque mani\u00e8re que ce soit, en tout ou en partie, sans le consentement \u00e9crit pr\u00e9alable et expr\u00e8s de Yan Haltey Brands.<\/p>\n<p style=\"text-align: justify;\">Toute reproduction, traitement, diffusion ou toute autre forme d\u2019utilisation sans accord expr\u00e8s pr\u00e9alable et \u00e9crit de Yan Haltey Brands sont strictement interdits. Yan Haltey Brands et le d\u00e9tenteur des droits se r\u00e9servent express\u00e9ment tous les droits y aff\u00e9rents.<\/p>\n<h2 style=\"text-align: justify;\">4. Liens vers d\u2019autres sites web<\/h2>\n<p style=\"text-align: justify;\">Le site internet peut contenir des liens vers d&rsquo;autres sites internet, qui ne sont en aucun cas reli\u00e9s \u00e0 Yan Haltey Brands. Nous ne contr\u00f4lons ni ne surveillons ces sites internet tiers ou leur contenu. Nous ne pouvons \u00eatre tenus responsables du contenu de ces sites ni des r\u00e8gles qui y sont adopt\u00e9es en ce qui concerne, sans s&rsquo;y limiter, votre confidentialit\u00e9 et le traitement de vos donn\u00e9es personnelles lorsque vous consultez ces sites.<\/p>\n<h2 style=\"text-align: justify;\">5. Liens vers le site internet<\/h2>\n<p style=\"text-align: justify;\">Dans le cas o\u00f9 vous souhaitiez lier le site internet et\/ou ses sous-pages, vous \u00eates tenu de contacter notre service client\u00e8le pr\u00e9alablement. Nous nous r\u00e9servons le droit de nous opposer \u00e0 certains liens vers notre site internet sans justification.<\/p>\n<h2 style=\"text-align: justify;\">6. Exclusion de responsabilit\u00e9 concernant le contenu<\/h2>\n<p style=\"text-align: justify;\">Nous veillons \u00e0 ce que le contenu du site internet soit exact et ne contienne pas d\u2019informations incorrectes ou obsol\u00e8tes. Toutefois, nous ne pouvons pas \u00eatre tenus responsables de toute impr\u00e9cision, inexactitude ou omission portant sur des informations disponibles sur le site internet.<\/p>\n<p style=\"text-align: justify;\">En outre, nous ne pouvons garantir que le site internet fonctionne en continu, sans interruption ou erreur dues \u00e0 la connexion \u00e0 Internet. En cas de probl\u00e8me avec notre site internet, veuillez contacter notre service client\u00e8le.<\/p>\n<p style=\"text-align: justify;\">De m\u00eame, nous ne garantissons pas que le contenu du site internet soit appropri\u00e9 ou licite dans d&rsquo;autres pays que la Suisse. Tout acc\u00e8s au site internet rel\u00e8ve de votre responsabilit\u00e9 exclusive et personnelle.<\/p>\n<h2 style=\"text-align: justify;\">7. Droit applicable et for juridique<\/h2>\n<p style=\"text-align: justify;\">Les pr\u00e9sentes CGU sont soumises au droit suisse exclusivement. En mati\u00e8re de for, tout litige subs\u00e9quent portant sur l&rsquo;interpr\u00e9tation des CGU sera soumis aux tribunaux ordinaires de l\u2019arrondissement de Lausanne.<\/p>\n<p>[\/et_pb_text][\/et_pb_column][\/et_pb_row][\/et_pb_section]<\/p>\n","protected":false},"excerpt":{"rendered":"<p>Conditions g\u00e9n\u00e9rales d\u2019utilisation Version 16.07.2024 Les pr\u00e9sentes Conditions g\u00e9n\u00e9rales d\u2019utilisation (ci-apr\u00e8s les \u00ab\u00a0CGU\u00a0\u00bb) sont celles de Yan Haltey Brands S\u00e0rl, soci\u00e9t\u00e9 suisse ayant son si\u00e8ge social \u00e0 Rue Saint-Martin 32, 1005 Lausanne, Suisse, enregistr\u00e9e au Registre du Commerce sous le N\u00b0 IDE CH-550-1195939-0 (ci-apr\u00e8s \u00ab\u00a0Yan Haltey\u00a0Brands\u00a0\u00bb ou \u00ab\u00a0Nous\u00a0\u00bb). Les pr\u00e9sentes CGU ont pour objet r\u00e9gler [&hellip;]<\/p>\n","protected":false},"author":1,"featured_media":0,"parent":0,"menu_order":0,"comment_status":"closed","ping_status":"closed","template":"","meta":{"_acf_changed":false,"_et_pb_use_builder":"on","_et_pb_old_content":"<!-- wp:heading --><h2>Who we are<\/h2><!-- \/wp:heading --><!-- wp:paragraph --><p><strong class=\"privacy-policy-tutorial\">Suggested text: <\/strong>Our website address is: http:\/\/yanhaltey.art.<\/p><!-- \/wp:paragraph --><!-- wp:heading --><h2>Comments<\/h2><!-- \/wp:heading --><!-- wp:paragraph --><p><strong class=\"privacy-policy-tutorial\">Suggested text: <\/strong>When visitors leave comments on the site we collect the data shown in the comments form, and also the visitor&#8217;s IP address and browser user agent string to help spam detection.<\/p><!-- \/wp:paragraph --><!-- wp:paragraph --><p>An anonymized string created from your email address (also called a hash) may be provided to the Gravatar service to see if you are using it. The Gravatar service privacy policy is available here: https:\/\/automattic.com\/privacy\/. After approval of your comment, your profile picture is visible to the public in the context of your comment.<\/p><!-- \/wp:paragraph --><!-- wp:heading --><h2>Media<\/h2><!-- \/wp:heading --><!-- wp:paragraph --><p><strong class=\"privacy-policy-tutorial\">Suggested text: <\/strong>If you upload images to the website, you should avoid uploading images with embedded location data (EXIF GPS) included. Visitors to the website can download and extract any location data from images on the website.<\/p><!-- \/wp:paragraph --><!-- wp:heading --><h2>Cookies<\/h2><!-- \/wp:heading --><!-- wp:paragraph --><p><strong class=\"privacy-policy-tutorial\">Suggested text: <\/strong>If you leave a comment on our site you may opt-in to saving your name, email address and website in cookies. These are for your convenience so that you do not have to fill in your details again when you leave another comment. These cookies will last for one year.<\/p><!-- \/wp:paragraph --><!-- wp:paragraph --><p>If you visit our login page, we will set a temporary cookie to determine if your browser accepts cookies. This cookie contains no personal data and is discarded when you close your browser.<\/p><!-- \/wp:paragraph --><!-- wp:paragraph --><p>When you log in, we will also set up several cookies to save your login information and your screen display choices. Login cookies last for two days, and screen options cookies last for a year. If you select &quot;Remember Me&quot;, your login will persist for two weeks. If you log out of your account, the login cookies will be removed.<\/p><!-- \/wp:paragraph --><!-- wp:paragraph --><p>If you edit or publish an article, an additional cookie will be saved in your browser. This cookie includes no personal data and simply indicates the post ID of the article you just edited. It expires after 1 day.<\/p><!-- \/wp:paragraph --><!-- wp:heading --><h2>Embedded content from other websites<\/h2><!-- \/wp:heading --><!-- wp:paragraph --><p><strong class=\"privacy-policy-tutorial\">Suggested text: <\/strong>Articles on this site may include embedded content (e.g. videos, images, articles, etc.). Embedded content from other websites behaves in the exact same way as if the visitor has visited the other website.<\/p><!-- \/wp:paragraph --><!-- wp:paragraph --><p>These websites may collect data about you, use cookies, embed additional third-party tracking, and monitor your interaction with that embedded content, including tracking your interaction with the embedded content if you have an account and are logged in to that website.<\/p><!-- \/wp:paragraph --><!-- wp:heading --><h2>Who we share your data with<\/h2><!-- \/wp:heading --><!-- wp:paragraph --><p><strong class=\"privacy-policy-tutorial\">Suggested text: <\/strong>If you request a password reset, your IP address will be included in the reset email.<\/p><!-- \/wp:paragraph --><!-- wp:heading --><h2>How long we retain your data<\/h2><!-- \/wp:heading --><!-- wp:paragraph --><p><strong class=\"privacy-policy-tutorial\">Suggested text: <\/strong>If you leave a comment, the comment and its metadata are retained indefinitely. This is so we can recognize and approve any follow-up comments automatically instead of holding them in a moderation queue.<\/p><!-- \/wp:paragraph --><!-- wp:paragraph --><p>For users that register on our website (if any), we also store the personal information they provide in their user profile. All users can see, edit, or delete their personal information at any time (except they cannot change their username). Website administrators can also see and edit that information.<\/p><!-- \/wp:paragraph --><!-- wp:heading --><h2>What rights you have over your data<\/h2><!-- \/wp:heading --><!-- wp:paragraph --><p><strong class=\"privacy-policy-tutorial\">Suggested text: <\/strong>If you have an account on this site, or have left comments, you can request to receive an exported file of the personal data we hold about you, including any data you have provided to us. You can also request that we erase any personal data we hold about you. This does not include any data we are obliged to keep for administrative, legal, or security purposes.<\/p><!-- \/wp:paragraph --><!-- wp:heading --><h2>Where your data is sent<\/h2><!-- \/wp:heading --><!-- wp:paragraph --><p><strong class=\"privacy-policy-tutorial\">Suggested text: <\/strong>Visitor comments may be checked through an automated spam detection service.<\/p><!-- \/wp:paragraph -->","_et_gb_content_width":"","footnotes":""},"class_list":["post-860","page","type-page","status-publish","hentry"],"acf":[],"_links":{"self":[{"href":"https:\/\/thisisyan.com\/fr\/wp-json\/wp\/v2\/pages\/860","targetHints":{"allow":["GET"]}}],"collection":[{"href":"https:\/\/thisisyan.com\/fr\/wp-json\/wp\/v2\/pages"}],"about":[{"href":"https:\/\/thisisyan.com\/fr\/wp-json\/wp\/v2\/types\/page"}],"author":[{"embeddable":true,"href":"https:\/\/thisisyan.com\/fr\/wp-json\/wp\/v2\/users\/1"}],"replies":[{"embeddable":true,"href":"https:\/\/thisisyan.com\/fr\/wp-json\/wp\/v2\/comments?post=860"}],"version-history":[{"count":3,"href":"https:\/\/thisisyan.com\/fr\/wp-json\/wp\/v2\/pages\/860\/revisions"}],"predecessor-version":[{"id":1299,"href":"https:\/\/thisisyan.com\/fr\/wp-json\/wp\/v2\/pages\/860\/revisions\/1299"}],"wp:attachment":[{"href":"https:\/\/thisisyan.com\/fr\/wp-json\/wp\/v2\/media?parent=860"}],"curies":[{"name":"wp","href":"https:\/\/api.w.org\/{rel}","templated":true}]}}