{"id":1358,"date":"2024-08-31T22:53:55","date_gmt":"2024-08-31T20:53:55","guid":{"rendered":"https:\/\/yanhaltey.art\/?page_id=1358"},"modified":"2024-09-21T19:45:22","modified_gmt":"2024-09-21T17:45:22","slug":"biographie","status":"publish","type":"page","link":"https:\/\/thisisyan.com\/fr\/biographie\/","title":{"rendered":"Biographie"},"content":{"rendered":"<p>[et_pb_section fb_built=\u00a0\u00bb1&Prime; _builder_version=\u00a0\u00bb4.27.0&Prime; _module_preset=\u00a0\u00bbdefault\u00a0\u00bb background_color=\u00a0\u00bb#000000&Prime; global_colors_info=\u00a0\u00bb{}\u00a0\u00bb][et_pb_row column_structure=\u00a0\u00bb3_5,2_5&Prime; _builder_version=\u00a0\u00bb4.25.2&Prime; _module_preset=\u00a0\u00bbdefault\u00a0\u00bb max_width=\u00a0\u00bb1100px\u00a0\u00bb global_colors_info=\u00a0\u00bb{}\u00a0\u00bb][et_pb_column type=\u00a0\u00bb3_5&Prime; _builder_version=\u00a0\u00bb4.25.2&Prime; _module_preset=\u00a0\u00bbdefault\u00a0\u00bb custom_padding=\u00a0\u00bb|40px|||false|false\u00a0\u00bb custom_padding_tablet=\u00a0\u00bb|40px|||false|false\u00a0\u00bb custom_padding_phone=\u00a0\u00bb|0px|||false|false\u00a0\u00bb custom_padding_last_edited=\u00a0\u00bbon|phone\u00a0\u00bb global_colors_info=\u00a0\u00bb{}\u00a0\u00bb][et_pb_text _builder_version=\u00a0\u00bb4.27.0&Prime; _module_preset=\u00a0\u00bbdefault\u00a0\u00bb custom_margin=\u00a0\u00bb||||false|false\u00a0\u00bb global_colors_info=\u00a0\u00bb{}\u00a0\u00bb]<\/p>\n<h1>Biographie<\/h1>\n<p>[\/et_pb_text][et_pb_text _builder_version=\u00a0\u00bb4.27.0&Prime; _module_preset=\u00a0\u00bbdefault\u00a0\u00bb custom_margin=\u00a0\u00bb20px||||false|false\u00a0\u00bb hover_enabled=\u00a0\u00bb0&Prime; global_colors_info=\u00a0\u00bb{}\u00a0\u00bb sticky_enabled=\u00a0\u00bb0&Prime;]<\/p>\n<blockquote>\n<h4 style=\"text-align: justify;\">Je suis moi, quoi qu&rsquo;il en soit<\/h4>\n<\/blockquote>\n<p style=\"text-align: justify;\"><span>Yan Haltey se d\u00e9finit lui-m\u00eame comme un \u00ab\u00a0\u00e9lectron libre\u00a0\u00bb. N\u00e9 \u00e0 Djakarta, il a grandi pr\u00e8s de Zurich puis dans le canton de Vaud. Ses nombreux voyages lui ont apport\u00e9 tr\u00e8s t\u00f4t une certaine ouverture d\u2019esprit. Enfant, il adorait tout autant jouer de la musique et dessiner que monter des jeux de construction \u00e9labor\u00e9s et comprendre le fonctionnement de tout ce qui l\u2019entourait. <\/span>Passionn\u00e9 par la musique, il compose ses propres morceaux et interpr\u00e8te \u00e9galement, en tant que baryton-basse, un r\u00e9pertoire classique et de nombreux styles.<\/p>\n<p style=\"text-align: justify;\"><span>Aujourd&rsquo;hui, son esprit analytique et sa compr\u00e9hension des syst\u00e8mes lui permettent de g\u00e9rer des projets de grande envergure dans le monde de l&rsquo;entreprise, alors que sa sensibilit\u00e9 fait de lui un esth\u00e8te insatiable ainsi qu&rsquo;un artiste accompli, qui se consacre \u00e9galement \u00e0 l&rsquo;accompagnement de la cr\u00e9ation artistique d&rsquo;autres personnes. <\/span><\/p>\n<p style=\"text-align: justify;\"><span>Sa multipotentialit\u00e9, sa vision du monde et ses origines multiculturelles l&rsquo;ont toujours amen\u00e9 \u00e0 se sentir \u00e0 part et la diff\u00e9rence est un sujet qui le passionne, au point d&rsquo;avoir initi\u00e9 en 2021 la cr\u00e9ation d&rsquo;une <a href=\"https:\/\/cultiverladifference.org\/\" target=\"_blank\" rel=\"noopener\">association f\u00e9d\u00e9rative<\/a> pour valoriser la notion de diff\u00e9rence. Loin d&rsquo;\u00eatre des freins, les diff\u00e9rences sont pour lui des richesses \u00e0 exploiter et lors de ses activit\u00e9s ou prises de parole, il invite chaque personne \u00e0 r\u00e9aliser son propre potentiel. La diff\u00e9rence, Yan la pratique au quotidien : aussi \u00e0 l&rsquo;aise dans un univers professionnel ultra codifi\u00e9, que mis \u00e0 nu sur un clich\u00e9 artistique, il \u00e9volue dans toutes les sph\u00e8res avec une adaptabilit\u00e9 hors du commun et c&rsquo;est ce qui fait sa singularit\u00e9. <\/span><\/p>\n<p style=\"text-align: justify;\"><span>Yan comprend les syst\u00e8mes et sait les exploiter, mais son ind\u00e9pendance et sa libert\u00e9 n&rsquo;ont aucun prix. Tour \u00e0 tour mod\u00e8le, cr\u00e9ateur de mode, auteur-compositeur-interpr\u00e8te, producteur, animateur ou orateur, mais aussi gestionnaire, consultant, formateur, facilitateur, il g\u00e8re son agenda comme le peintre sa palette de couleurs. <\/span><\/p>\n<p style=\"text-align: justify;\"><span>La cr\u00e9ation, chez lui, est inn\u00e9e. Mais ce qu&rsquo;il aime par dessus tout, c&rsquo;est cr\u00e9er une \u00e9mulation. Musicalement, picturalement, lors de conf\u00e9rences, il s\u00e8me des graines de r\u00e9flexion et les nourrit, les fait grandir. Pour r\u00e9colter quoi\u00a0? Des \u00e9motions, des r\u00e9actions, peu importe. Le tout est de laisser libre cours \u00e0 un besoin essentiel d&rsquo;expression artistique. <\/span>\u00c0 travers sa soci\u00e9t\u00e9 <a href=\"https:\/\/yanhaltey.com\/\" target=\"_blank\" rel=\"noopener\"><em>Yan Haltey Brands S\u00e0rl<\/em><\/a>, il cr\u00e9e des synergies entre ses activit\u00e9s dans les domaines de l\u2019art, de l\u2019audiovisuel, de l\u2019\u00e9v\u00e8nementiel, de la mode, de la musique et de l\u2019accompagnement de projets. <span>Un parcours atypique, des centres d\u2019int\u00e9r\u00eats multiples, une imagination d\u00e9bordante et une d\u00e9termination \u00e0 toute \u00e9preuve&#8230; c&rsquo;est Yan Haltey !<\/span><\/p>\n<p style=\"text-align: justify;\"><em>\u00ab\u00a0Ce que j&rsquo;aime dans le travail artistique, ce sont les synergies, les co\u00efncidences, qui aboutissent \u00e0 des \u0153uvres originales. Pour moi, il ne peut y avoir de cr\u00e9ation sans rencontres, sans \u00e9motions. Il ne s&rsquo;agit pas d&rsquo;\u00eatre juste ou faux, de plaire ou de d\u00e9plaire. Je souhaite susciter des r\u00e9actions, faire r\u00e9fl\u00e9chir, provoquer des \u00e9motions\u00a0\u00bb <\/em>(tir\u00e9 du livre <em>Renaissances<\/em>, en cours de publication).<\/p>\n<p>[\/et_pb_text][\/et_pb_column][et_pb_column type=\u00a0\u00bb2_5&Prime; _builder_version=\u00a0\u00bb4.27.0&Prime; _module_preset=\u00a0\u00bbdefault\u00a0\u00bb custom_padding=\u00a0\u00bb130px||||false|false\u00a0\u00bb global_colors_info=\u00a0\u00bb{}\u00a0\u00bb][et_pb_image src=\u00a0\u00bbhttps:\/\/yanhaltey.art\/wp-content\/uploads\/2024\/09\/portrait.jpg\u00a0\u00bb title_text=\u00a0\u00bbportrait\u00a0\u00bb _builder_version=\u00a0\u00bb4.27.0&Prime; _module_preset=\u00a0\u00bbdefault\u00a0\u00bb global_colors_info=\u00a0\u00bb{}\u00a0\u00bb][\/et_pb_image][et_pb_text _builder_version=\u00a0\u00bb4.27.0&Prime; _module_preset=\u00a0\u00bbdefault\u00a0\u00bb text_font=\u00a0\u00bb||on||||||\u00a0\u00bb text_text_color=\u00a0\u00bb#919191&Prime; text_font_size=\u00a0\u00bb13px\u00a0\u00bb link_text_color=\u00a0\u00bb#919191&Prime; text_orientation=\u00a0\u00bbjustified\u00a0\u00bb global_colors_info=\u00a0\u00bb{}\u00a0\u00bb]<\/p>\n<p>Autoportrait<\/p>\n<p>[\/et_pb_text][\/et_pb_column][\/et_pb_row][\/et_pb_section][et_pb_section fb_built=\u00a0\u00bb1&Prime; _builder_version=\u00a0\u00bb4.25.2&Prime; _module_preset=\u00a0\u00bbdefault\u00a0\u00bb background_color=\u00a0\u00bb#000000&Prime; global_colors_info=\u00a0\u00bb{}\u00a0\u00bb][et_pb_row _builder_version=\u00a0\u00bb4.25.2&Prime; _module_preset=\u00a0\u00bbdefault\u00a0\u00bb global_colors_info=\u00a0\u00bb{}\u00a0\u00bb][et_pb_column type=\u00a0\u00bb4_4&Prime; _builder_version=\u00a0\u00bb4.25.2&Prime; _module_preset=\u00a0\u00bbdefault\u00a0\u00bb global_colors_info=\u00a0\u00bb{}\u00a0\u00bb][et_pb_text _builder_version=\u00a0\u00bb4.25.2&Prime; _module_preset=\u00a0\u00bbdefault\u00a0\u00bb text_font=\u00a0\u00bb||on||||||\u00a0\u00bb text_text_color=\u00a0\u00bb#919191&Prime; text_font_size=\u00a0\u00bb13px\u00a0\u00bb link_text_color=\u00a0\u00bb#919191&Prime; text_orientation=\u00a0\u00bbcenter\u00a0\u00bb global_colors_info=\u00a0\u00bb{}\u00a0\u00bb]<\/p>\n<p>Biographie : Nadia Laden<\/p>\n<p>[\/et_pb_text][\/et_pb_column][\/et_pb_row][\/et_pb_section]<\/p>\n","protected":false},"excerpt":{"rendered":"<p>Biographie Je suis moi, quoi qu&rsquo;il en soit Yan Haltey se d\u00e9finit lui-m\u00eame comme un \u00ab\u00a0\u00e9lectron libre\u00a0\u00bb. N\u00e9 \u00e0 Djakarta, il a grandi pr\u00e8s de Zurich puis dans le canton de Vaud. Ses nombreux voyages lui ont apport\u00e9 tr\u00e8s t\u00f4t une certaine ouverture d\u2019esprit. Enfant, il adorait tout autant jouer de la musique et dessiner [&hellip;]<\/p>\n","protected":false},"author":1,"featured_media":0,"parent":0,"menu_order":0,"comment_status":"closed","ping_status":"closed","template":"","meta":{"_acf_changed":false,"_et_pb_use_builder":"on","_et_pb_old_content":"","_et_gb_content_width":"","footnotes":""},"class_list":["post-1358","page","type-page","status-publish","hentry"],"acf":[],"_links":{"self":[{"href":"https:\/\/thisisyan.com\/fr\/wp-json\/wp\/v2\/pages\/1358","targetHints":{"allow":["GET"]}}],"collection":[{"href":"https:\/\/thisisyan.com\/fr\/wp-json\/wp\/v2\/pages"}],"about":[{"href":"https:\/\/thisisyan.com\/fr\/wp-json\/wp\/v2\/types\/page"}],"author":[{"embeddable":true,"href":"https:\/\/thisisyan.com\/fr\/wp-json\/wp\/v2\/users\/1"}],"replies":[{"embeddable":true,"href":"https:\/\/thisisyan.com\/fr\/wp-json\/wp\/v2\/comments?post=1358"}],"version-history":[{"count":12,"href":"https:\/\/thisisyan.com\/fr\/wp-json\/wp\/v2\/pages\/1358\/revisions"}],"predecessor-version":[{"id":1988,"href":"https:\/\/thisisyan.com\/fr\/wp-json\/wp\/v2\/pages\/1358\/revisions\/1988"}],"wp:attachment":[{"href":"https:\/\/thisisyan.com\/fr\/wp-json\/wp\/v2\/media?parent=1358"}],"curies":[{"name":"wp","href":"https:\/\/api.w.org\/{rel}","templated":true}]}}