{"id":1348,"date":"2024-08-31T22:31:16","date_gmt":"2024-08-31T20:31:16","guid":{"rendered":"https:\/\/yanhaltey.art\/?page_id=1348"},"modified":"2024-09-13T12:43:46","modified_gmt":"2024-09-13T10:43:46","slug":"createur-mode","status":"publish","type":"page","link":"https:\/\/thisisyan.com\/fr\/createur-mode\/","title":{"rendered":"Cr\u00e9ateur de mode"},"content":{"rendered":"<p>[et_pb_section fb_built=\u00a0\u00bb1&Prime; custom_padding_last_edited=\u00a0\u00bbon|phone\u00a0\u00bb module_id=\u00a0\u00bbfashion-designer\u00a0\u00bb _builder_version=\u00a0\u00bb4.25.2&Prime; _module_preset=\u00a0\u00bbdefault\u00a0\u00bb background_image=\u00a0\u00bbhttps:\/\/yanhaltey.art\/wp-content\/uploads\/2024\/09\/fashiondesigner.jpg\u00a0\u00bb background_position=\u00a0\u00bbbottom_center\u00a0\u00bb min_height=\u00a0\u00bb700px\u00a0\u00bb custom_margin=\u00a0\u00bb0px||0px||true|false\u00a0\u00bb custom_padding=\u00a0\u00bb|80px||80px|false|true\u00a0\u00bb custom_padding_tablet=\u00a0\u00bb|80px||80px|false|true\u00a0\u00bb custom_padding_phone=\u00a0\u00bb|0px||0px|false|true\u00a0\u00bb global_colors_info=\u00a0\u00bb{}\u00a0\u00bb][et_pb_row _builder_version=\u00a0\u00bb4.24.0&Prime; _module_preset=\u00a0\u00bbdefault\u00a0\u00bb background_enable_color=\u00a0\u00bboff\u00a0\u00bb background_enable_image=\u00a0\u00bboff\u00a0\u00bb width=\u00a0\u00bb100%\u00a0\u00bb max_width=\u00a0\u00bb100%\u00a0\u00bb custom_margin=\u00a0\u00bb||||false|false\u00a0\u00bb custom_padding=\u00a0\u00bb||||false|false\u00a0\u00bb animation_style=\u00a0\u00bbfade\u00a0\u00bb global_colors_info=\u00a0\u00bb{}\u00a0\u00bb][et_pb_column type=\u00a0\u00bb4_4&Prime; _builder_version=\u00a0\u00bb4.24.0&Prime; _module_preset=\u00a0\u00bbdefault\u00a0\u00bb background_enable_color=\u00a0\u00bboff\u00a0\u00bb custom_padding=\u00a0\u00bb40px|40px|40px|40px|true|true\u00a0\u00bb global_colors_info=\u00a0\u00bb{}\u00a0\u00bb][et_pb_text _builder_version=\u00a0\u00bb4.27.0&Prime; _module_preset=\u00a0\u00bbdefault\u00a0\u00bb header_4_font=\u00a0\u00bb||||||||\u00a0\u00bb header_4_font_size=\u00a0\u00bb17px\u00a0\u00bb global_colors_info=\u00a0\u00bb{}\u00a0\u00bb]<\/p>\n<h1>Cr\u00e9ateur de mode<\/h1>\n<h4>Je suis mon style<\/h4>\n<p>[\/et_pb_text][\/et_pb_column][\/et_pb_row][et_pb_row column_structure=\u00a0\u00bb2_5,3_5&Prime; custom_padding_last_edited=\u00a0\u00bbon|phone\u00a0\u00bb _builder_version=\u00a0\u00bb4.25.2&Prime; _module_preset=\u00a0\u00bbdefault\u00a0\u00bb background_enable_color=\u00a0\u00bboff\u00a0\u00bb background_enable_image=\u00a0\u00bboff\u00a0\u00bb width=\u00a0\u00bb100%\u00a0\u00bb max_width=\u00a0\u00bb100%\u00a0\u00bb custom_margin=\u00a0\u00bb||||false|false\u00a0\u00bb custom_padding=\u00a0\u00bb|40px||40px|false|true\u00a0\u00bb custom_padding_tablet=\u00a0\u00bb|40px||40px|false|true\u00a0\u00bb custom_padding_phone=\u00a0\u00bb|0px||0px|false|true\u00a0\u00bb animation_style=\u00a0\u00bbfade\u00a0\u00bb animation_delay=\u00a0\u00bb500ms\u00a0\u00bb global_colors_info=\u00a0\u00bb{}\u00a0\u00bb][et_pb_column type=\u00a0\u00bb2_5&Prime; _builder_version=\u00a0\u00bb4.24.0&Prime; _module_preset=\u00a0\u00bbdefault\u00a0\u00bb background_color=\u00a0\u00bbrgba(0,0,0,0.62)\u00a0\u00bb custom_padding=\u00a0\u00bb40px|40px|40px|40px|true|true\u00a0\u00bb global_colors_info=\u00a0\u00bb{}\u00a0\u00bb][et_pb_text _builder_version=\u00a0\u00bb4.24.0&Prime; _module_preset=\u00a0\u00bbdefault\u00a0\u00bb global_colors_info=\u00a0\u00bb{}\u00a0\u00bb]<\/p>\n<p style=\"text-align: justify;\">Le style, c\u2019est d\u2019abord une affaire de caract\u00e8re. Un m\u00e9lange de glamour et de r\u00e9bellion, le perfectionnisme c\u00f4toyant le d\u00e9sordre, l\u2019extravagance perturbant la pudeur. Au d\u00e9but de mon processus de cr\u00e9ation, il y a un cocktail d\u2019\u00e9motions, la vision de lignes, de formes et de couleurs. Ensuite, viennent les sensations, le toucher et le confort. Si l\u2019harmonie visuelle et les sensations ne sont pas au rendez-vous, c\u2019est que cette pi\u00e8ce ne m\u00e9rite pas encore d&rsquo;exister et retournera \u00e0 la machine \u00e0 coudre autant de fois qu\u2019il le faudra.<\/p>\n<p>[\/et_pb_text][\/et_pb_column][et_pb_column type=\u00a0\u00bb3_5&Prime; _builder_version=\u00a0\u00bb4.24.0&Prime; _module_preset=\u00a0\u00bbdefault\u00a0\u00bb global_colors_info=\u00a0\u00bb{}\u00a0\u00bb][\/et_pb_column][\/et_pb_row][\/et_pb_section][et_pb_section fb_built=\u00a0\u00bb1&Prime; _builder_version=\u00a0\u00bb4.27.0&Prime; _module_preset=\u00a0\u00bbdefault\u00a0\u00bb background_color=\u00a0\u00bb#000000&Prime; global_colors_info=\u00a0\u00bb{}\u00a0\u00bb][et_pb_row _builder_version=\u00a0\u00bb4.27.0&Prime; _module_preset=\u00a0\u00bbdefault\u00a0\u00bb global_colors_info=\u00a0\u00bb{}\u00a0\u00bb][et_pb_column type=\u00a0\u00bb4_4&Prime; _builder_version=\u00a0\u00bb4.27.0&Prime; _module_preset=\u00a0\u00bbdefault\u00a0\u00bb global_colors_info=\u00a0\u00bb{}\u00a0\u00bb][et_pb_text _builder_version=\u00a0\u00bb4.27.0&Prime; _module_preset=\u00a0\u00bbdefault\u00a0\u00bb text_font=\u00a0\u00bb||on||||||\u00a0\u00bb text_text_color=\u00a0\u00bb#919191&Prime; text_font_size=\u00a0\u00bb13px\u00a0\u00bb link_text_color=\u00a0\u00bb#919191&Prime; text_orientation=\u00a0\u00bbcenter\u00a0\u00bb global_colors_info=\u00a0\u00bb{}\u00a0\u00bb]<\/p>\n<p>PHOTOGRAPHIES | Photo d&rsquo;illustration : <a href=\"https:\/\/www.instagram.com\/kim.blucas\/\" target=\"_blank\" rel=\"noopener\">Kim Lucas<\/a><\/p>\n<p>[\/et_pb_text][\/et_pb_column][\/et_pb_row][\/et_pb_section]<\/p>\n","protected":false},"excerpt":{"rendered":"<p>Cr\u00e9ateur de mode Je suis mon styleLe style, c\u2019est d\u2019abord une affaire de caract\u00e8re. Un m\u00e9lange de glamour et de r\u00e9bellion, le perfectionnisme c\u00f4toyant le d\u00e9sordre, l\u2019extravagance perturbant la pudeur. Au d\u00e9but de mon processus de cr\u00e9ation, il y a un cocktail d\u2019\u00e9motions, la vision de lignes, de formes et de couleurs. Ensuite, viennent les [&hellip;]<\/p>\n","protected":false},"author":1,"featured_media":0,"parent":0,"menu_order":0,"comment_status":"closed","ping_status":"closed","template":"","meta":{"_acf_changed":false,"_et_pb_use_builder":"on","_et_pb_old_content":"","_et_gb_content_width":"","footnotes":""},"class_list":["post-1348","page","type-page","status-publish","hentry"],"acf":[],"_links":{"self":[{"href":"https:\/\/thisisyan.com\/fr\/wp-json\/wp\/v2\/pages\/1348","targetHints":{"allow":["GET"]}}],"collection":[{"href":"https:\/\/thisisyan.com\/fr\/wp-json\/wp\/v2\/pages"}],"about":[{"href":"https:\/\/thisisyan.com\/fr\/wp-json\/wp\/v2\/types\/page"}],"author":[{"embeddable":true,"href":"https:\/\/thisisyan.com\/fr\/wp-json\/wp\/v2\/users\/1"}],"replies":[{"embeddable":true,"href":"https:\/\/thisisyan.com\/fr\/wp-json\/wp\/v2\/comments?post=1348"}],"version-history":[{"count":11,"href":"https:\/\/thisisyan.com\/fr\/wp-json\/wp\/v2\/pages\/1348\/revisions"}],"predecessor-version":[{"id":1945,"href":"https:\/\/thisisyan.com\/fr\/wp-json\/wp\/v2\/pages\/1348\/revisions\/1945"}],"wp:attachment":[{"href":"https:\/\/thisisyan.com\/fr\/wp-json\/wp\/v2\/media?parent=1348"}],"curies":[{"name":"wp","href":"https:\/\/api.w.org\/{rel}","templated":true}]}}