{"id":1931,"date":"2024-08-31T22:53:55","date_gmt":"2024-08-31T20:53:55","guid":{"rendered":"https:\/\/thisisyan.com\/biography\/"},"modified":"2024-09-21T19:48:40","modified_gmt":"2024-09-21T17:48:40","slug":"biography","status":"publish","type":"page","link":"https:\/\/thisisyan.com\/en\/biography\/","title":{"rendered":"Biography"},"content":{"rendered":"<p>[et_pb_section fb_built=&#8221;1&#8243; _builder_version=&#8221;4.27.0&#8243; _module_preset=&#8221;default&#8221; background_color=&#8221;#000000&#8243; global_colors_info=&#8221;{}&#8221;][et_pb_row column_structure=&#8221;3_5,2_5&#8243; _builder_version=&#8221;4.25.2&#8243; _module_preset=&#8221;default&#8221; max_width=&#8221;1100px&#8221; global_colors_info=&#8221;{}&#8221;][et_pb_column type=&#8221;3_5&#8243; _builder_version=&#8221;4.25.2&#8243; _module_preset=&#8221;default&#8221; custom_padding=&#8221;|40px|||false|false&#8221; custom_padding_tablet=&#8221;|40px|||false|false&#8221; custom_padding_phone=&#8221;|0px|||false|false&#8221; custom_padding_last_edited=&#8221;on|phone&#8221; global_colors_info=&#8221;{}&#8221;][et_pb_text _builder_version=&#8221;4.27.0&#8243; _module_preset=&#8221;default&#8221; custom_margin=&#8221;||||false|false&#8221; global_colors_info=&#8221;{}&#8221;]<\/p>\n<h1>Biography<\/h1>\n<p>[\/et_pb_text][et_pb_text _builder_version=&#8221;4.27.0&#8243; _module_preset=&#8221;default&#8221; custom_margin=&#8221;20px||||false|false&#8221; hover_enabled=&#8221;0&#8243; global_colors_info=&#8221;{}&#8221; sticky_enabled=&#8221;0&#8243;]<\/p>\n<blockquote>\n<h4 style=\"text-align: justify;\">I&#8217;m me, no matter what<\/h4>\n<\/blockquote>\n<p style=\"text-align: justify;\"><span>Yan Haltey defines himself as a \u201cfree electron\u201d. Born in Jakarta, he grew up near Zurich and then in the canton of Vaud. His many travels brought him a certain open-mindedness at an early age. As a child, he was equally at home playing music and drawing, building elaborate construction sets and understanding the workings of everything around him.    <\/span>Passionate about music, he composes his own pieces and performs a classical repertoire and a wide range of styles as a bass-baritone.<\/p>\n<p style=\"text-align: justify;\"><span>Today, his analytical mind and understanding of systems enable him to manage large-scale projects in the corporate world, while his sensibility makes him an insatiable esthete and an accomplished artist, who devotes himself to accompanying other people&#8217;s artistic creation. <\/span><\/p>\n<p style=\"text-align: justify;\"><span>Sa multipotentialit\u00e9, sa vision du monde et ses origines multiculturelles l&#8217;ont toujours amen\u00e9 \u00e0 se sentir \u00e0 part et la diff\u00e9rence est un sujet qui le passionne, au point d&#8217;avoir initi\u00e9 en 2021 la cr\u00e9ation d&#8217;une <a href=\"https:\/\/cultiverladifference.org\/\" target=\"_blank\" rel=\"noopener\">association f\u00e9d\u00e9rative<\/a> pour valoriser la notion de diff\u00e9rence. Loin d&#8217;\u00eatre des freins, les diff\u00e9rences sont pour lui des richesses \u00e0 exploiter et lors de ses activit\u00e9s ou prises de parole, il invite chaque personne \u00e0 r\u00e9aliser son propre potentiel. La diff\u00e9rence, Yan la pratique au quotidien : aussi \u00e0 l&#8217;aise dans un univers professionnel ultra codifi\u00e9, que mis \u00e0 nu sur un clich\u00e9 artistique, il \u00e9volue dans toutes les sph\u00e8res avec une adaptabilit\u00e9 hors du commun et c&#8217;est ce qui fait sa singularit\u00e9.   <\/span><\/p>\n<p style=\"text-align: justify;\"><span>Yan understands systems and knows how to exploit them, but there&#8217;s no price to pay for his independence and freedom. By turns model, fashion designer, singer-songwriter, producer, presenter or speaker, as well as manager, consultant, trainer and facilitator, Yan manages his schedule like a painter manages his color palette.  <\/span><\/p>\n<p style=\"text-align: justify;\"><span>For him, creation is natural. What he loves most of all, however, is creating emulation. Whether musically, pictorially or at his conferences, he sows seeds of reflection and nourishes and nurtures them. To harvest what? Emotions, reactions, whatever. It&#8217;s all about giving free rein to an essential need for artistic expression.      <\/span>Through his company <a href=\"https:\/\/yanhaltey.com\/\" target=\"_blank\" rel=\"noopener\"><em>Yan Haltey Brands LLC<\/em><\/a>, he creates synergies between his activities in the fields of art, audiovisual, events, fashion, music and project management. <span>An unusual background, multiple interests, a vivid imagination and unfailing determination&#8230; that is Yan Haltey!<\/span><\/p>\n<p style=\"text-align: justify;\"><em>&#8220;What I love about working in the arts is the synergies and coincidences that result in original works. To me, there can be no creation without encounters, without emotions. It&#8217;s not about being right or wrong, pleasing or displeasing. I want to elicit reactions, make people think, and provoke strong emotions&#8221;<\/em> (from the book <em>Renaissances<\/em>, available soon).<\/p>\n<p>[\/et_pb_text][\/et_pb_column][et_pb_column type=&#8221;2_5&#8243; _builder_version=&#8221;4.27.0&#8243; _module_preset=&#8221;default&#8221; custom_padding=&#8221;130px||||false|false&#8221; global_colors_info=&#8221;{}&#8221;][et_pb_image src=&#8221;https:\/\/yanhaltey.art\/wp-content\/uploads\/2024\/09\/portrait.jpg&#8221; title_text=&#8221;portrait&#8221; _builder_version=&#8221;4.27.0&#8243; _module_preset=&#8221;default&#8221; global_colors_info=&#8221;{}&#8221;][\/et_pb_image][et_pb_text _builder_version=&#8221;4.27.0&#8243; _module_preset=&#8221;default&#8221; text_font=&#8221;||on||||||&#8221; text_text_color=&#8221;#919191&#8243; text_font_size=&#8221;13px&#8221; link_text_color=&#8221;#919191&#8243; text_orientation=&#8221;justified&#8221; global_colors_info=&#8221;{}&#8221;]<\/p>\n<p>Self-portrait<\/p>\n<p>[\/et_pb_text][\/et_pb_column][\/et_pb_row][\/et_pb_section][et_pb_section fb_built=&#8221;1&#8243; _builder_version=&#8221;4.25.2&#8243; _module_preset=&#8221;default&#8221; background_color=&#8221;#000000&#8243; global_colors_info=&#8221;{}&#8221;][et_pb_row _builder_version=&#8221;4.25.2&#8243; _module_preset=&#8221;default&#8221; global_colors_info=&#8221;{}&#8221;][et_pb_column type=&#8221;4_4&#8243; _builder_version=&#8221;4.25.2&#8243; _module_preset=&#8221;default&#8221; global_colors_info=&#8221;{}&#8221;][et_pb_text _builder_version=&#8221;4.25.2&#8243; _module_preset=&#8221;default&#8221; text_font=&#8221;||on||||||&#8221; text_text_color=&#8221;#919191&#8243; text_font_size=&#8221;13px&#8221; link_text_color=&#8221;#919191&#8243; text_orientation=&#8221;center&#8221; global_colors_info=&#8221;{}&#8221;]<\/p>\n<p>Biography: Nadia Laden<\/p>\n<p>[\/et_pb_text][\/et_pb_column][\/et_pb_row][\/et_pb_section]<\/p>\n","protected":false},"excerpt":{"rendered":"<p>Biography I&#8217;m me, no matter what Yan Haltey defines himself as a \u201cfree electron\u201d. Born in Jakarta, he grew up near Zurich and then in the canton of Vaud. His many travels brought him a certain open-mindedness at an early age. As a child, he was equally at home playing music and drawing, building elaborate [&hellip;]<\/p>\n","protected":false},"author":1,"featured_media":0,"parent":0,"menu_order":0,"comment_status":"closed","ping_status":"closed","template":"","meta":{"_acf_changed":false,"_et_pb_use_builder":"on","_et_pb_old_content":"","_et_gb_content_width":"","footnotes":""},"class_list":["post-1931","page","type-page","status-publish","hentry"],"acf":[],"_links":{"self":[{"href":"https:\/\/thisisyan.com\/en\/wp-json\/wp\/v2\/pages\/1931","targetHints":{"allow":["GET"]}}],"collection":[{"href":"https:\/\/thisisyan.com\/en\/wp-json\/wp\/v2\/pages"}],"about":[{"href":"https:\/\/thisisyan.com\/en\/wp-json\/wp\/v2\/types\/page"}],"author":[{"embeddable":true,"href":"https:\/\/thisisyan.com\/en\/wp-json\/wp\/v2\/users\/1"}],"replies":[{"embeddable":true,"href":"https:\/\/thisisyan.com\/en\/wp-json\/wp\/v2\/comments?post=1931"}],"version-history":[{"count":4,"href":"https:\/\/thisisyan.com\/en\/wp-json\/wp\/v2\/pages\/1931\/revisions"}],"predecessor-version":[{"id":1991,"href":"https:\/\/thisisyan.com\/en\/wp-json\/wp\/v2\/pages\/1931\/revisions\/1991"}],"wp:attachment":[{"href":"https:\/\/thisisyan.com\/en\/wp-json\/wp\/v2\/media?parent=1931"}],"curies":[{"name":"wp","href":"https:\/\/api.w.org\/{rel}","templated":true}]}}