{"id":3,"date":"2023-01-08T22:55:33","date_gmt":"2023-01-08T21:55:33","guid":{"rendered":"http:\/\/yanhaltey.art\/?page_id=3"},"modified":"2024-09-05T22:02:23","modified_gmt":"2024-09-05T20:02:23","slug":"donnees-personnelles","status":"publish","type":"page","link":"https:\/\/thisisyan.com\/de\/donnees-personnelles\/","title":{"rendered":"Politique de traitement des donn\u00e9es personnelles"},"content":{"rendered":"<p>[et_pb_section fb_built=&#187;1&#8243; admin_label=&#187;section&#187; _builder_version=&#187;4.19.5&#8243; background_color=&#187;#000000&#8243; custom_margin=&#187;||||false|false&#187; custom_padding=&#187;60px||60px||true|false&#187; global_colors_info=&#187;{}&#187;][et_pb_row _builder_version=&#187;4.19.5&#8243; _module_preset=&#187;default&#187; background_color=&#187;#FFFFFF&#187; max_width=&#187;1200px&#187; custom_padding=&#187;40px|40px|40px|40px|true|true&#187; global_colors_info=&#187;{}&#187;][et_pb_column type=&#187;4_4&#8243; _builder_version=&#187;4.19.5&#8243; _module_preset=&#187;default&#187; global_colors_info=&#187;{}&#187;][et_pb_text _builder_version=&#187;4.24.0&#8243; _module_preset=&#187;default&#187; text_text_color=&#187;#000000&#8243; header_text_color=&#187;#000000&#8243; header_2_text_color=&#187;#000000&#8243; hover_enabled=&#187;0&#8243; global_colors_info=&#187;{}&#187; sticky_enabled=&#187;0&#8243;]<\/p>\n<h1 style=\"text-align: justify;\">Politique relative \u00e0 la protection des donn\u00e9es personnelles<\/h1>\n<p style=\"text-align: justify;\">Version 16.07.2024<\/p>\n<p style=\"text-align: justify;\">La pr\u00e9sente Politique relative \u00e0 la protection des donn\u00e9es personnelles (ci-apr\u00e8s les \u00ab<span>\u00a0<\/span><strong>Politique relative \u00e0 la protection des donn\u00e9es personnelles<span>\u00a0<\/span><\/strong>\u00bb) est celle de Yan Haltey Brands S\u00e0rl, soci\u00e9t\u00e9 suisse ayant son si\u00e8ge social \u00e0 Rue Saint-Martin 32, 1005 Lausanne, Suisse, enregistr\u00e9e au Registre du Commerce sous le N\u00b0 IDE CH-550-1195939-0 (ci-apr\u00e8s \u00ab<span>\u00a0<\/span><strong>Yan Haltey\u00a0<\/strong><strong>Brands<span>\u00a0<\/span><\/strong>\u00bb ou \u00ab\u00a0<strong>Nous<\/strong>\u00a0\u00bb).<\/p>\n<p style=\"text-align: justify;\">La pr\u00e9sente Politique relative \u00e0 la protection des donn\u00e9es personnelles a pour objet d\u2019informer les visiteurs et les utilisateurs (ci-apr\u00e8s \u00ab<span>\u00a0<\/span><strong>Utilisateur<\/strong><span>\u00a0<\/span>\u00bb ou \u00ab\u00a0<strong>Vous<\/strong>\u00a0\u00bb) du site internet yanhaltey.art et de tous les autres sites internet de Yan Haltey Brands dont l\u2019extension du nom de domaine est .com, .art, .boutique (ci-apr\u00e8s, ensemble, le \u00ab<span>\u00a0<\/span><strong>Site Internet<span>\u00a0<\/span><\/strong>\u00bb) sur les modalit\u00e9s selon lesquelles Yan Haltey Brands proc\u00e8de au traitement de vos donn\u00e9es personnelles (ci-apr\u00e8s les \u00ab<span>\u00a0<\/span><strong>Donn\u00e9es Personnelles<span>\u00a0<\/span><\/strong>\u00bb ou les \u00ab<span>\u00a0<\/span><strong>Donn\u00e9es<\/strong><span>\u00a0<\/span>\u00bb) et sur les droits dont vous disposez \u00e0 cet \u00e9gard.<\/p>\n<p style=\"text-align: justify;\">Yan Haltey Brands accorde la plus grande importance et le plus grand soin \u00e0 la protection de vos donn\u00e9es personnelles. Nous prenons soin de vos donn\u00e9es personnelles et nous nous engageons \u00e0 en garantir la confidentialit\u00e9 et la s\u00e9curit\u00e9.<\/p>\n<p style=\"text-align: justify;\">Le site internet est la propri\u00e9t\u00e9 de Yan Haltey Brands, qui est le responsable du traitement de vos donn\u00e9es personnelles.<\/p>\n<p style=\"text-align: justify;\">Nous avons adopt\u00e9 la pr\u00e9sente Politique relative \u00e0 la protection des donn\u00e9es personnelles, qui d\u00e9termine la mani\u00e8re dont nous traitons les informations collect\u00e9es par le site internet, qui fournit \u00e9galement les raisons pour lesquelles nous devons collecter certaines donn\u00e9es personnelles vous concernant. Par cons\u00e9quent, vous devez lire cette Politique de confidentialit\u00e9 avant d&#8217;utiliser le site internet.<\/p>\n<p style=\"text-align: justify;\">Toute communication doit \u00eatre adress\u00e9e \u00e0 notre service client\u00e8le (ci-apr\u00e8s \u00ab\u00a0<strong>Service Client\u00e8le<\/strong>\u00a0\u00bb) accessible via le<span>\u00a0<\/span><a href=\"https:\/\/yanhaltey.com\/fr\/contact\/\" target=\"_blank\" rel=\"noopener\">formulaire de contact<\/a><span>\u00a0<\/span>ou par email \u00e0 l\u2019adresse<span>\u00a0<\/span><a href=\"mailto:contact@yanhaltey.com\">contact@yanhaltey.com<\/a>.<\/p>\n<h2 style=\"text-align: justify;\">1. Les donn\u00e9es personnelles que nous collectons<\/h2>\n<p style=\"text-align: justify;\">Lorsque vous visitez notre site internet, nous recueillons automatiquement certaines informations sur votre appareil, notamment des informations sur votre navigateur web, votre adresse IP, votre fuseau horaire et certains des cookies install\u00e9s sur votre appareil. En outre, lorsque vous naviguez sur notre site internet, nous recueillons des informations sur les pages Web ou les produits individuels que vous consultez, les sites internet tiers ou les termes de recherche qui vous ont renvoy\u00e9 \u00e0 notre site internet et la fa\u00e7on dont vous interagissez avec notre site internet. Nous d\u00e9signons ces informations collect\u00e9es automatiquement par le terme &#171;informations sur les appareils&#187;. En outre, nous pourrions collecter les donn\u00e9es personnelles que vous nous fournissez (y compris, mais sans s&#8217;y limiter, le nom, le pr\u00e9nom, l&#8217;adresse, les informations de paiement, etc.) lors de l&#8217;inscription pour pouvoir ex\u00e9cuter le contrat.<\/p>\n<h2 style=\"text-align: justify;\">2. Pourquoi traitons-nous vos donn\u00e9es ?<\/h2>\n<p style=\"text-align: justify;\">Notre priorit\u00e9 absolue est la s\u00e9curit\u00e9 des donn\u00e9es des utilisateurs et, \u00e0 ce titre, nous ne pouvons traiter que des donn\u00e9es minimales sur les utilisateurs, uniquement dans la mesure o\u00f9 cela est absolument n\u00e9cessaire pour maintenir notre site internet. Les informations recueillies automatiquement sont utilis\u00e9es uniquement pour identifier les cas potentiels d&#8217;abus et \u00e9tablir des informations statistiques concernant l&#8217;utilisation de notre site internet. Ces informations statistiques ne sont par ailleurs pas agr\u00e9g\u00e9es de mani\u00e8re \u00e0 pouvoir identifier un utilisateur particulier du syst\u00e8me.<\/p>\n<p style=\"text-align: justify;\">Vous pouvez visiter notre site internet sans nous dire qui vous \u00eates, ni r\u00e9v\u00e9ler d&#8217;informations permettant \u00e0 quelqu&#8217;un de vous identifier en tant qu&#8217;individu sp\u00e9cifique et identifiable. Toutefois, si vous souhaitez utiliser certaines fonctionnalit\u00e9s de notre site internet, ou si vous souhaitez recevoir notre lettre d&#8217;information ou fournir d&#8217;autres d\u00e9tails en remplissant un formulaire, vous pouvez nous fournir des donn\u00e9es personnelles, telles que votre adresse \u00e9lectronique, votre pr\u00e9nom, votre nom, votre ville de r\u00e9sidence, votre organisation, votre num\u00e9ro de t\u00e9l\u00e9phone. Vous pouvez choisir de ne pas nous fournir vos donn\u00e9es personnelles, mais il se peut alors que vous ne puissiez pas profiter de certaines fonctionnalit\u00e9s de notre site internet. Par exemple, vous ne pourrez pas recevoir notre newsletter ou nous contacter directement \u00e0 partir de notre site internet. Les utilisateurs qui ne savent pas quelles informations sont obligatoires sont invit\u00e9s \u00e0 contacter notre service client\u00e8le.<\/p>\n<h2 style=\"text-align: justify;\">3. Vos droits<\/h2>\n<p style=\"text-align: justify;\">Si vous \u00eates un r\u00e9sident europ\u00e9en, vous disposez des droits suivants relatifs \u00e0 vos donn\u00e9es personnelles :<\/p>\n<ul style=\"text-align: justify;\">\n<li>Le droit d&#8217;\u00eatre inform\u00e9.<\/li>\n<li>Le droit d&#8217;acc\u00e8s.<\/li>\n<li>Le droit de rectification.<\/li>\n<li>Le droit \u00e0 l&#8217;effacement.<\/li>\n<li>Le droit de restreindre le traitement.<\/li>\n<li>Le droit \u00e0 la portabilit\u00e9 des donn\u00e9es.<\/li>\n<li>Le droit d&#8217;opposition.<\/li>\n<li>Droits relatifs \u00e0 la prise de d\u00e9cision automatis\u00e9e et au profilage.<\/li>\n<\/ul>\n<p style=\"text-align: justify;\">Si vous souhaitez exercer ce droit, veuillez prendre contact avec notre service client\u00e8le.<\/p>\n<p style=\"text-align: justify;\">En outre, si vous \u00eates un r\u00e9sident europ\u00e9en, nous notons que nous traitons vos informations afin d&#8217;ex\u00e9cuter les contrats que nous pourrions avoir avec vous (par exemple, si vous passez une commande par le biais de notre site internet), ou autrement pour poursuivre nos int\u00e9r\u00eats commerciaux l\u00e9gitimes \u00e9num\u00e9r\u00e9s ci-dessus. En outre, veuillez noter que vos informations peuvent \u00eatre transf\u00e9r\u00e9es en dehors de l&#8217;Europe, y compris au Canada et aux \u00c9tats-Unis.<\/p>\n<h2 style=\"text-align: justify;\">4. Liens vers d&#8217;autres sites internet<\/h2>\n<p style=\"text-align: justify;\">Notre site internet peut contenir des liens vers d&#8217;autres sites tiers qui ne sont pas d\u00e9tenus ou contr\u00f4l\u00e9s par nous. Sachez que nous ne sommes pas responsables de ces autres sites ni des pratiques de confidentialit\u00e9 des tiers. Nous vous encourageons \u00e0 \u00eatre attentif lorsque vous quittez notre site internet et \u00e0 lire les d\u00e9clarations de confidentialit\u00e9 de chaque site tiers susceptible de recueillir des informations personnelles.<\/p>\n<h2 style=\"text-align: justify;\">5. S\u00e9curit\u00e9 des informations<\/h2>\n<p style=\"text-align: justify;\">Nous s\u00e9curisons les informations que vous fournissez sur des serveurs informatiques dans un environnement contr\u00f4l\u00e9 et s\u00e9curis\u00e9, prot\u00e9g\u00e9 contre tout acc\u00e8s, utilisation ou divulgation non autoris\u00e9s. Nous maintenons des mesures de protection administratives, techniques et physiques raisonnables pour nous prot\u00e9ger contre tout acc\u00e8s, utilisation, modification et divulgation non autoris\u00e9s des donn\u00e9es personnelles sous son contr\u00f4le et sa garde. Toutefois, aucune transmission de donn\u00e9es sur Internet ou sur un r\u00e9seau sans fil ne peut \u00eatre garantie.<\/p>\n<h2 style=\"text-align: justify;\">6. Divulgation l\u00e9gale<\/h2>\n<p style=\"text-align: justify;\">Nous divulguerons toute information que nous collectons, utilisons ou recevons si la loi l&#8217;exige ou le permet, par exemple pour nous conformer \u00e0 une citation \u00e0 compara\u00eetre ou \u00e0 une proc\u00e9dure judiciaire similaire, et lorsque nous pensons de bonne foi que la divulgation est n\u00e9cessaire pour prot\u00e9ger nos droits, votre s\u00e9curit\u00e9 ou celle d&#8217;autrui, enqu\u00eater sur une fraude ou r\u00e9pondre \u00e0 une demande du gouvernement.<\/p>\n<h2 style=\"text-align: justify;\">7. Informations de contact<\/h2>\n<p style=\"text-align: justify;\">Si vous souhaitez nous contacter pour mieux comprendre la pr\u00e9sente politique relative \u00e0 la protection des donn\u00e9es personnelles ou si vous souhaitez nous contacter concernant toute question relative aux droits individuels et \u00e0 vos Informations personnelles, vous pouvez contacter notre service client\u00e8le.<\/p>\n<h2 style=\"text-align: justify;\">8. Droit applicable et for juridique<\/h2>\n<p style=\"text-align: justify;\">La pr\u00e9sente Politique relative \u00e0 la protection des donn\u00e9es personnelles est soumise au droit suisse exclusivement. En mati\u00e8re de for, tout litige subs\u00e9quent portant sur l&#8217;interpr\u00e9tation des CGU sera soumis aux tribunaux ordinaires de l\u2019arrondissement de Lausanne.<\/p>\n<p>[\/et_pb_text][\/et_pb_column][\/et_pb_row][\/et_pb_section]<\/p>\n","protected":false},"excerpt":{"rendered":"<p>Politique relative \u00e0 la protection des donn\u00e9es personnelles Version 16.07.2024 La pr\u00e9sente Politique relative \u00e0 la protection des donn\u00e9es personnelles (ci-apr\u00e8s les \u00ab\u00a0Politique relative \u00e0 la protection des donn\u00e9es personnelles\u00a0\u00bb) est celle de Yan Haltey Brands S\u00e0rl, soci\u00e9t\u00e9 suisse ayant son si\u00e8ge social \u00e0 Rue Saint-Martin 32, 1005 Lausanne, Suisse, enregistr\u00e9e au Registre du Commerce [&hellip;]<\/p>\n","protected":false},"author":1,"featured_media":0,"parent":0,"menu_order":0,"comment_status":"closed","ping_status":"closed","template":"","meta":{"_acf_changed":false,"_et_pb_use_builder":"on","_et_pb_old_content":"<!-- wp:heading --><h2>Who we are<\/h2><!-- \/wp:heading --><!-- wp:paragraph --><p><strong class=\"privacy-policy-tutorial\">Suggested text: <\/strong>Our website address is: http:\/\/yanhaltey.art.<\/p><!-- \/wp:paragraph --><!-- wp:heading --><h2>Comments<\/h2><!-- \/wp:heading --><!-- wp:paragraph --><p><strong class=\"privacy-policy-tutorial\">Suggested text: <\/strong>When visitors leave comments on the site we collect the data shown in the comments form, and also the visitor&#8217;s IP address and browser user agent string to help spam detection.<\/p><!-- \/wp:paragraph --><!-- wp:paragraph --><p>An anonymized string created from your email address (also called a hash) may be provided to the Gravatar service to see if you are using it. The Gravatar service privacy policy is available here: https:\/\/automattic.com\/privacy\/. After approval of your comment, your profile picture is visible to the public in the context of your comment.<\/p><!-- \/wp:paragraph --><!-- wp:heading --><h2>Media<\/h2><!-- \/wp:heading --><!-- wp:paragraph --><p><strong class=\"privacy-policy-tutorial\">Suggested text: <\/strong>If you upload images to the website, you should avoid uploading images with embedded location data (EXIF GPS) included. Visitors to the website can download and extract any location data from images on the website.<\/p><!-- \/wp:paragraph --><!-- wp:heading --><h2>Cookies<\/h2><!-- \/wp:heading --><!-- wp:paragraph --><p><strong class=\"privacy-policy-tutorial\">Suggested text: <\/strong>If you leave a comment on our site you may opt-in to saving your name, email address and website in cookies. These are for your convenience so that you do not have to fill in your details again when you leave another comment. These cookies will last for one year.<\/p><!-- \/wp:paragraph --><!-- wp:paragraph --><p>If you visit our login page, we will set a temporary cookie to determine if your browser accepts cookies. This cookie contains no personal data and is discarded when you close your browser.<\/p><!-- \/wp:paragraph --><!-- wp:paragraph --><p>When you log in, we will also set up several cookies to save your login information and your screen display choices. Login cookies last for two days, and screen options cookies last for a year. If you select &quot;Remember Me&quot;, your login will persist for two weeks. If you log out of your account, the login cookies will be removed.<\/p><!-- \/wp:paragraph --><!-- wp:paragraph --><p>If you edit or publish an article, an additional cookie will be saved in your browser. This cookie includes no personal data and simply indicates the post ID of the article you just edited. It expires after 1 day.<\/p><!-- \/wp:paragraph --><!-- wp:heading --><h2>Embedded content from other websites<\/h2><!-- \/wp:heading --><!-- wp:paragraph --><p><strong class=\"privacy-policy-tutorial\">Suggested text: <\/strong>Articles on this site may include embedded content (e.g. videos, images, articles, etc.). Embedded content from other websites behaves in the exact same way as if the visitor has visited the other website.<\/p><!-- \/wp:paragraph --><!-- wp:paragraph --><p>These websites may collect data about you, use cookies, embed additional third-party tracking, and monitor your interaction with that embedded content, including tracking your interaction with the embedded content if you have an account and are logged in to that website.<\/p><!-- \/wp:paragraph --><!-- wp:heading --><h2>Who we share your data with<\/h2><!-- \/wp:heading --><!-- wp:paragraph --><p><strong class=\"privacy-policy-tutorial\">Suggested text: <\/strong>If you request a password reset, your IP address will be included in the reset email.<\/p><!-- \/wp:paragraph --><!-- wp:heading --><h2>How long we retain your data<\/h2><!-- \/wp:heading --><!-- wp:paragraph --><p><strong class=\"privacy-policy-tutorial\">Suggested text: <\/strong>If you leave a comment, the comment and its metadata are retained indefinitely. This is so we can recognize and approve any follow-up comments automatically instead of holding them in a moderation queue.<\/p><!-- \/wp:paragraph --><!-- wp:paragraph --><p>For users that register on our website (if any), we also store the personal information they provide in their user profile. All users can see, edit, or delete their personal information at any time (except they cannot change their username). Website administrators can also see and edit that information.<\/p><!-- \/wp:paragraph --><!-- wp:heading --><h2>What rights you have over your data<\/h2><!-- \/wp:heading --><!-- wp:paragraph --><p><strong class=\"privacy-policy-tutorial\">Suggested text: <\/strong>If you have an account on this site, or have left comments, you can request to receive an exported file of the personal data we hold about you, including any data you have provided to us. You can also request that we erase any personal data we hold about you. This does not include any data we are obliged to keep for administrative, legal, or security purposes.<\/p><!-- \/wp:paragraph --><!-- wp:heading --><h2>Where your data is sent<\/h2><!-- \/wp:heading --><!-- wp:paragraph --><p><strong class=\"privacy-policy-tutorial\">Suggested text: <\/strong>Visitor comments may be checked through an automated spam detection service.<\/p><!-- \/wp:paragraph -->","_et_gb_content_width":"","footnotes":""},"class_list":["post-3","page","type-page","status-publish","hentry"],"acf":[],"_links":{"self":[{"href":"https:\/\/thisisyan.com\/de\/wp-json\/wp\/v2\/pages\/3","targetHints":{"allow":["GET"]}}],"collection":[{"href":"https:\/\/thisisyan.com\/de\/wp-json\/wp\/v2\/pages"}],"about":[{"href":"https:\/\/thisisyan.com\/de\/wp-json\/wp\/v2\/types\/page"}],"author":[{"embeddable":true,"href":"https:\/\/thisisyan.com\/de\/wp-json\/wp\/v2\/users\/1"}],"replies":[{"embeddable":true,"href":"https:\/\/thisisyan.com\/de\/wp-json\/wp\/v2\/comments?post=3"}],"version-history":[{"count":4,"href":"https:\/\/thisisyan.com\/de\/wp-json\/wp\/v2\/pages\/3\/revisions"}],"predecessor-version":[{"id":1871,"href":"https:\/\/thisisyan.com\/de\/wp-json\/wp\/v2\/pages\/3\/revisions\/1871"}],"wp:attachment":[{"href":"https:\/\/thisisyan.com\/de\/wp-json\/wp\/v2\/media?parent=3"}],"curies":[{"name":"wp","href":"https:\/\/api.w.org\/{rel}","templated":true}]}}