{"id":1908,"date":"2024-08-31T22:31:16","date_gmt":"2024-08-31T20:31:16","guid":{"rendered":"https:\/\/thisisyan.com\/modedesigner\/"},"modified":"2024-09-13T12:52:14","modified_gmt":"2024-09-13T10:52:14","slug":"modedesigner","status":"publish","type":"page","link":"https:\/\/thisisyan.com\/de\/modedesigner\/","title":{"rendered":"Modedesigner"},"content":{"rendered":"<p>[et_pb_section fb_built=&#187;1&#8243; custom_padding_last_edited=&#187;on|phone&#187; module_id=&#187;fashion-designer&#187; _builder_version=&#187;4.25.2&#8243; _module_preset=&#187;default&#187; background_image=&#187;https:\/\/yanhaltey.art\/wp-content\/uploads\/2024\/09\/fashiondesigner.jpg&#187; background_position=&#187;bottom_center&#187; min_height=&#187;700px&#187; custom_margin=&#187;0px||0px||true|false&#187; custom_padding=&#187;|80px||80px|false|true&#187; custom_padding_tablet=&#187;|80px||80px|false|true&#187; custom_padding_phone=&#187;|0px||0px|false|true&#187; global_colors_info=&#187;{}&#187;][et_pb_row _builder_version=&#187;4.24.0&#8243; _module_preset=&#187;default&#187; background_enable_color=&#187;off&#187; background_enable_image=&#187;off&#187; width=&#187;100%&#187; max_width=&#187;100%&#187; custom_margin=&#187;||||false|false&#187; custom_padding=&#187;||||false|false&#187; animation_style=&#187;fade&#187; global_colors_info=&#187;{}&#187;][et_pb_column type=&#187;4_4&#8243; _builder_version=&#187;4.24.0&#8243; _module_preset=&#187;default&#187; background_enable_color=&#187;off&#187; custom_padding=&#187;40px|40px|40px|40px|true|true&#187; global_colors_info=&#187;{}&#187;][et_pb_text _builder_version=&#187;4.27.0&#8243; _module_preset=&#187;default&#187; header_4_font=&#187;||||||||&#187; header_4_font_size=&#187;17px&#187; global_colors_info=&#187;{}&#187;]<\/p>\n<h1>Modedesigner<\/h1>\n<h4>Ich bin mein eigener StilJe suis mon style<\/h4>\n<p>[\/et_pb_text][\/et_pb_column][\/et_pb_row][et_pb_row column_structure=&#187;2_5,3_5&#8243; custom_padding_last_edited=&#187;on|phone&#187; _builder_version=&#187;4.25.2&#8243; _module_preset=&#187;default&#187; background_enable_color=&#187;off&#187; background_enable_image=&#187;off&#187; width=&#187;100%&#187; max_width=&#187;100%&#187; custom_margin=&#187;||||false|false&#187; custom_padding=&#187;|40px||40px|false|true&#187; custom_padding_tablet=&#187;|40px||40px|false|true&#187; custom_padding_phone=&#187;|0px||0px|false|true&#187; animation_style=&#187;fade&#187; animation_delay=&#187;500ms&#187; global_colors_info=&#187;{}&#187;][et_pb_column type=&#187;2_5&#8243; _builder_version=&#187;4.24.0&#8243; _module_preset=&#187;default&#187; background_color=&#187;rgba(0,0,0,0.62)&#187; custom_padding=&#187;40px|40px|40px|40px|true|true&#187; global_colors_info=&#187;{}&#187;][et_pb_text _builder_version=&#187;4.24.0&#8243; _module_preset=&#187;default&#187; global_colors_info=&#187;{}&#187;]<\/p>\n<p style=\"text-align: justify;\">Stil ist in erster Linie eine Sache des Charakters. Eine Mischung aus Glamour und Rebellion, Perfektionismus gepaart mit Unordnung, Extravaganz, die das Schamgef\u00fchl durchbricht. Am Anfang meines kreativen Prozesses steht ein Cocktail aus Emotionen, das Visualisieren von Linien, Formen und Farben. Dann folgen die Empfindungen, die Haptik und der Tragekomfort. Wenn die visuelle Harmonie und die Empfindungen nicht stimmen, hat ein Kleidungsst\u00fcck es noch nicht verdient, zu existieren, und wird so oft wie n\u00f6tig zur N\u00e4hmaschine zur\u00fcckkehren.    <\/p>\n<p>[\/et_pb_text][\/et_pb_column][et_pb_column type=&#187;3_5&#8243; _builder_version=&#187;4.24.0&#8243; _module_preset=&#187;default&#187; global_colors_info=&#187;{}&#187;][\/et_pb_column][\/et_pb_row][\/et_pb_section][et_pb_section fb_built=&#187;1&#8243; _builder_version=&#187;4.27.0&#8243; _module_preset=&#187;default&#187; background_color=&#187;#000000&#8243; global_colors_info=&#187;{}&#187;][et_pb_row _builder_version=&#187;4.27.0&#8243; _module_preset=&#187;default&#187; global_colors_info=&#187;{}&#187;][et_pb_column type=&#187;4_4&#8243; _builder_version=&#187;4.27.0&#8243; _module_preset=&#187;default&#187; global_colors_info=&#187;{}&#187;][et_pb_text _builder_version=&#187;4.27.0&#8243; _module_preset=&#187;default&#187; text_font=&#187;||on||||||&#187; text_text_color=&#187;#919191&#8243; text_font_size=&#187;13px&#187; link_text_color=&#187;#919191&#8243; text_orientation=&#187;center&#187; global_colors_info=&#187;{}&#187;]<\/p>\n<p>FOTOGRAFIEN | Illustratives Foto: <a href=\"https:\/\/www.instagram.com\/kim.blucas\/\" target=\"_blank\" rel=\"noopener\">Kim Lucas<\/a><\/p>\n<p>[\/et_pb_text][\/et_pb_column][\/et_pb_row][\/et_pb_section]<\/p>\n","protected":false},"excerpt":{"rendered":"<p>Modedesigner Ich bin mein eigener StilJe suis mon styleStil ist in erster Linie eine Sache des Charakters. Eine Mischung aus Glamour und Rebellion, Perfektionismus gepaart mit Unordnung, Extravaganz, die das Schamgef\u00fchl durchbricht. Am Anfang meines kreativen Prozesses steht ein Cocktail aus Emotionen, das Visualisieren von Linien, Formen und Farben. Dann folgen die Empfindungen, die Haptik [&hellip;]<\/p>\n","protected":false},"author":1,"featured_media":0,"parent":0,"menu_order":0,"comment_status":"closed","ping_status":"closed","template":"","meta":{"_acf_changed":false,"_et_pb_use_builder":"on","_et_pb_old_content":"","_et_gb_content_width":"","footnotes":""},"class_list":["post-1908","page","type-page","status-publish","hentry"],"acf":[],"_links":{"self":[{"href":"https:\/\/thisisyan.com\/de\/wp-json\/wp\/v2\/pages\/1908","targetHints":{"allow":["GET"]}}],"collection":[{"href":"https:\/\/thisisyan.com\/de\/wp-json\/wp\/v2\/pages"}],"about":[{"href":"https:\/\/thisisyan.com\/de\/wp-json\/wp\/v2\/types\/page"}],"author":[{"embeddable":true,"href":"https:\/\/thisisyan.com\/de\/wp-json\/wp\/v2\/users\/1"}],"replies":[{"embeddable":true,"href":"https:\/\/thisisyan.com\/de\/wp-json\/wp\/v2\/comments?post=1908"}],"version-history":[{"count":3,"href":"https:\/\/thisisyan.com\/de\/wp-json\/wp\/v2\/pages\/1908\/revisions"}],"predecessor-version":[{"id":1978,"href":"https:\/\/thisisyan.com\/de\/wp-json\/wp\/v2\/pages\/1908\/revisions\/1978"}],"wp:attachment":[{"href":"https:\/\/thisisyan.com\/de\/wp-json\/wp\/v2\/media?parent=1908"}],"curies":[{"name":"wp","href":"https:\/\/api.w.org\/{rel}","templated":true}]}}