{"id":1893,"date":"2024-08-31T22:53:55","date_gmt":"2024-08-31T20:53:55","guid":{"rendered":"https:\/\/thisisyan.com\/biografie\/"},"modified":"2024-09-21T19:51:34","modified_gmt":"2024-09-21T17:51:34","slug":"biografie","status":"publish","type":"page","link":"https:\/\/thisisyan.com\/de\/biografie\/","title":{"rendered":"Biografie"},"content":{"rendered":"<p>[et_pb_section fb_built=&#187;1&#8243; _builder_version=&#187;4.27.0&#8243; _module_preset=&#187;default&#187; background_color=&#187;#000000&#8243; global_colors_info=&#187;{}&#187;][et_pb_row column_structure=&#187;3_5,2_5&#8243; _builder_version=&#187;4.25.2&#8243; _module_preset=&#187;default&#187; max_width=&#187;1100px&#187; global_colors_info=&#187;{}&#187;][et_pb_column type=&#187;3_5&#8243; _builder_version=&#187;4.25.2&#8243; _module_preset=&#187;default&#187; custom_padding=&#187;|40px|||false|false&#187; custom_padding_tablet=&#187;|40px|||false|false&#187; custom_padding_phone=&#187;|0px|||false|false&#187; custom_padding_last_edited=&#187;on|phone&#187; global_colors_info=&#187;{}&#187;][et_pb_text _builder_version=&#187;4.27.0&#8243; _module_preset=&#187;default&#187; custom_margin=&#187;||||false|false&#187; global_colors_info=&#187;{}&#187;]<\/p>\n<h1>Biografie<\/h1>\n<p>[\/et_pb_text][et_pb_text _builder_version=&#187;4.27.0&#8243; _module_preset=&#187;default&#187; custom_margin=&#187;20px||||false|false&#187; hover_enabled=&#187;0&#8243; global_colors_info=&#187;{}&#187; sticky_enabled=&#187;0&#8243;]<\/p>\n<blockquote>\n<h4 style=\"text-align: justify;\">Ich bin ich, egal, was passiert<\/h4>\n<\/blockquote>\n<p style=\"text-align: justify;\"><span>Yan Haltey bezeichnet sich selbst als \u201efreies Elektron\u201c. Er wurde in Jakarta geboren und wuchs in der N\u00e4he von Z\u00fcrich und sp\u00e4ter im Kanton Waadt auf. Durch seine zahlreichen Reisen gewann er schon fr\u00fch eine gewisse Aufgeschlossenheit. In seiner Kindheit liebte er es gleichermassen, Musik zu machen und zu zeichnen, komplexe Baus\u00e4tze zusammenzusetzen und die Funktionsweise aller Dinge in seinem Umfeld zu erforschen.    <\/span>Als leidenschaftlicher Musiker komponiert er seine eigenen St\u00fccke und tritt ausserdem als Bassbariton mit einem klassischen und stilistisch breit gef\u00e4cherten Repertoire auf.<\/p>\n<p style=\"text-align: justify;\"><span>Sein analytisches Denken und sein Systemverst\u00e4ndnis erm\u00f6glichen es ihm heute, grosse Projekte in der Gesch\u00e4ftswelt zu leiten, w\u00e4hrend seine Empfindsamkeit ihn zu einem unerm\u00fcdlichen \u00c4stheten und erfolgreichen K\u00fcnstler macht, der auch die k\u00fcnstlerische Kreativit\u00e4t anderer Menschen unterst\u00fctzt. <\/span><\/p>\n<p style=\"text-align: justify;\"><span>Aufgrund seiner Multipotentialit\u00e4t, seiner Weltanschauung und seinen multikulturellen Wurzeln hob er sich schon immer von der Masse ab und das Thema des Andersseins fasziniert ihn so sehr, dass er im Jahr 2021 die Gr\u00fcndung eines <a href=\"https:\/\/cultiverladifference.org\/\" target=\"_blank\" rel=\"noopener\">f\u00f6derativen Vereins<\/a> zu Wertsch\u00e4tzung dieses Konzepts veranlasst hat. Unterschiede sind f\u00fcr ihn keine Hindernisse, sondern Sch\u00e4tze, die es zu nutzen gilt, und bei seinen Aktivit\u00e4ten oder Vortr\u00e4gen fordert er jede Person auf, ihr eigenes Potenzial auszusch\u00f6pfen. Yan praktiziert das Anderssein t\u00e4glich: Er f\u00fchlt sich in einem stark strukturierten Berufsumfeld ebenso zu Hause wie in einer k\u00fcnstlerischen Momentaufnahme; in allen Bereichen bewegt er sich mit einer aussergew\u00f6hnlichen Anpassungsf\u00e4higkeit, und das macht ihn so einzigartig.   <\/span><\/p>\n<p style=\"text-align: justify;\"><span>Yan durchschaut Systeme und weiss sie zu nutzen, aber Unabh\u00e4ngigkeit und Freiheit sind f\u00fcr ihn von unsch\u00e4tzbarem Wert. Als Model, Modesch\u00f6pfer, S\u00e4nger und Songwriter, Produzent, Moderator und Redner, aber auch als Manager, Berater, Ausbilder und Vermittler organisiert er seinen Terminkalender wie ein Maler seine Farbpalette.  <\/span><\/p>\n<p style=\"text-align: justify;\"><span>La cr\u00e9ation, chez lui, est inn\u00e9e. Mais ce qu&#8217;il aime par dessus tout, c&#8217;est cr\u00e9er une \u00e9mulation. Musicalement, picturalement, lors de conf\u00e9rences, il s\u00e8me des graines de r\u00e9flexion et les nourrit, les fait grandir. Pour r\u00e9colter quoi ? Des \u00e9motions, des r\u00e9actions, peu importe. Le tout est de laisser libre cours \u00e0 un besoin essentiel d&#8217;expression artistique.      <\/span>Mit seinem Unternehmen <a href=\"https:\/\/yanhaltey.com\/\" target=\"_blank\" rel=\"noopener\"><em>Yan Haltey Brands<\/em><\/a> schafft er Synergien zwischen seinen Aktivit\u00e4ten in den Bereichen Kunst, audiovisuelle Medien, Events, Mode und Musik und Projektbegleitung. <span>Ein atypischer Werdegang, vielf\u00e4ltige Interessen, eine bl\u00fchende Fantasie und eine unersch\u00fctterliche Entschlossenheit&#8230; das ist Yan Haltey!<\/span><\/p>\n<p style=\"text-align: justify;\"><em>\u201eWas ich an der k\u00fcnstlerischen Arbeit liebe, sind die Synergien, die Zuf\u00e4lle, die zu originellen Werken f\u00fchren. F\u00fcr mich kann es kein kreatives Schaffen ohne Begegnungen und Emotionen geben. Es geht nicht darum, richtig oder falsch zu sein, zu gefallen oder zu missfallen. Ich m\u00f6chte Reaktionen hervorrufen, zum Nachdenken anregen, Emotionen ausl\u00f6sen\u201c <\/em>(Auszug aus dem Buch <em>Renaissances<\/em>, demn\u00e4chst erh\u00e4ltlich).<\/p>\n<p>[\/et_pb_text][\/et_pb_column][et_pb_column type=&#187;2_5&#8243; _builder_version=&#187;4.27.0&#8243; _module_preset=&#187;default&#187; custom_padding=&#187;130px||||false|false&#187; global_colors_info=&#187;{}&#187;][et_pb_image src=&#187;https:\/\/yanhaltey.art\/wp-content\/uploads\/2024\/09\/portrait.jpg&#187; title_text=&#187;portrait&#187; _builder_version=&#187;4.27.0&#8243; _module_preset=&#187;default&#187; global_colors_info=&#187;{}&#187;][\/et_pb_image][et_pb_text _builder_version=&#187;4.27.0&#8243; _module_preset=&#187;default&#187; text_font=&#187;||on||||||&#187; text_text_color=&#187;#919191&#8243; text_font_size=&#187;13px&#187; link_text_color=&#187;#919191&#8243; text_orientation=&#187;justified&#187; global_colors_info=&#187;{}&#187;]<\/p>\n<p>Selbstportr\u00e4t<\/p>\n<p>[\/et_pb_text][\/et_pb_column][\/et_pb_row][\/et_pb_section][et_pb_section fb_built=&#187;1&#8243; _builder_version=&#187;4.25.2&#8243; _module_preset=&#187;default&#187; background_color=&#187;#000000&#8243; global_colors_info=&#187;{}&#187;][et_pb_row _builder_version=&#187;4.25.2&#8243; _module_preset=&#187;default&#187; global_colors_info=&#187;{}&#187;][et_pb_column type=&#187;4_4&#8243; _builder_version=&#187;4.25.2&#8243; _module_preset=&#187;default&#187; global_colors_info=&#187;{}&#187;][et_pb_text _builder_version=&#187;4.25.2&#8243; _module_preset=&#187;default&#187; text_font=&#187;||on||||||&#187; text_text_color=&#187;#919191&#8243; text_font_size=&#187;13px&#187; link_text_color=&#187;#919191&#8243; text_orientation=&#187;center&#187; global_colors_info=&#187;{}&#187;]<\/p>\n<p>Biografie: Nadia Laden<\/p>\n<p>[\/et_pb_text][\/et_pb_column][\/et_pb_row][\/et_pb_section]<\/p>\n","protected":false},"excerpt":{"rendered":"<p>Biografie Ich bin ich, egal, was passiert Yan Haltey bezeichnet sich selbst als \u201efreies Elektron\u201c. Er wurde in Jakarta geboren und wuchs in der N\u00e4he von Z\u00fcrich und sp\u00e4ter im Kanton Waadt auf. Durch seine zahlreichen Reisen gewann er schon fr\u00fch eine gewisse Aufgeschlossenheit. In seiner Kindheit liebte er es gleichermassen, Musik zu machen und [&hellip;]<\/p>\n","protected":false},"author":1,"featured_media":0,"parent":0,"menu_order":0,"comment_status":"closed","ping_status":"closed","template":"","meta":{"_acf_changed":false,"_et_pb_use_builder":"on","_et_pb_old_content":"","_et_gb_content_width":"","footnotes":""},"class_list":["post-1893","page","type-page","status-publish","hentry"],"acf":[],"_links":{"self":[{"href":"https:\/\/thisisyan.com\/de\/wp-json\/wp\/v2\/pages\/1893","targetHints":{"allow":["GET"]}}],"collection":[{"href":"https:\/\/thisisyan.com\/de\/wp-json\/wp\/v2\/pages"}],"about":[{"href":"https:\/\/thisisyan.com\/de\/wp-json\/wp\/v2\/types\/page"}],"author":[{"embeddable":true,"href":"https:\/\/thisisyan.com\/de\/wp-json\/wp\/v2\/users\/1"}],"replies":[{"embeddable":true,"href":"https:\/\/thisisyan.com\/de\/wp-json\/wp\/v2\/comments?post=1893"}],"version-history":[{"count":4,"href":"https:\/\/thisisyan.com\/de\/wp-json\/wp\/v2\/pages\/1893\/revisions"}],"predecessor-version":[{"id":1993,"href":"https:\/\/thisisyan.com\/de\/wp-json\/wp\/v2\/pages\/1893\/revisions\/1993"}],"wp:attachment":[{"href":"https:\/\/thisisyan.com\/de\/wp-json\/wp\/v2\/media?parent=1893"}],"curies":[{"name":"wp","href":"https:\/\/api.w.org\/{rel}","templated":true}]}}